{"id":5666,"date":"2022-02-19T12:26:18","date_gmt":"2022-02-19T11:26:18","guid":{"rendered":"https:\/\/scpboubou.org\/?page_id=5666"},"modified":"2022-03-24T17:51:29","modified_gmt":"2022-03-24T16:51:29","slug":"horaires","status":"publish","type":"page","link":"https:\/\/scpboubou.org\/index.php\/horaires\/","title":{"rendered":"Horaires"},"content":{"rendered":"\n<h2 class=\"wp-block-heading\" id=\"bareme-des-honoraires\">BAREME DES HONORAIRES<\/h2>\n\n\n\n<p>La loi portant organisation de la profession d\u2019avocat pr\u00e9voit que les honoraires sont librement discut\u00e9s entre l\u2019avocat et son client.<\/p>\n\n\n\n<p>Compte tenu du contexte \u00e9conomique et de nos engagements personnels, le montant des honoraires est \u00e0 la port\u00e9e, sinon de tous, du moins du plus grand nombre. En outre, nous pouvons aider les justiciables d\u00e9munis \u00e0 obtenir l\u2019assistance judiciaire, c\u2019est-\u00e0-dire \u00e0 faire prendre en charge par l\u2019Etat des frais de justice et des honoraires de leur avocat.<\/p>\n\n\n\n<p>Pour d\u00e9terminer le montant des si les honoraires, il est tenu compte des \u00e9l\u00e9ments suivants&nbsp; :<\/p>\n\n\n\n<blockquote class=\"wp-block-quote is-layout-flow wp-block-quote-is-layout-flow\"><p>&#8211; l\u2019int\u00e9r\u00eat du litige, c\u2019est-\u00e0-dire le montant de la somme qui est demand\u00e9e ou que vous voulez recouvrer<br>&#8211; de la juridiction saisie<br>&#8211; des difficult\u00e9s pr\u00e9visibles de la proc\u00e9dure<br>&#8211; des conditions mat\u00e9rielles du client<\/p><\/blockquote>\n\n\n\n<p>La premi\u00e8re \u00e9tape du processus de d\u00e9termination du montant des honoraires consiste \u00e0 placer votre affaire dans l\u2019une des cat\u00e9gories d\u00e9termin\u00e9es par le tableau suivant&nbsp;:<\/p>\n\n\n\n<h2 class=\"wp-block-heading\" id=\"i-procedures-contentieuses-ou-gracieuses\"><strong>I- PROCEDURES CONTENTIEUSES OU GRACIEUSES<\/strong><\/h2>\n\n\n\n<h3 class=\"wp-block-heading\" id=\"a-recouvrement-des-creances-sans-saisie-immobiliere\"><strong> a) Recouvrement des cr\u00e9ances sans saisie immobili\u00e8re<\/strong><\/h3>\n\n\n\n<p><\/p>\n\n\n\n<figure class=\"wp-block-table\"><table><tbody><tr><td><strong>Montant cr\u00e9ance<\/strong><\/td><td><strong>Juridictions<\/strong><\/td><td><strong>Honoraires<br>(en F CFA)<\/strong><\/td><\/tr><tr><td>Jusqu\u2019\u00e0 5 millions<\/td><td>-Tribunaux d\u2019instance<br><br>-Cour d\u2019appel<br><br>-Cour supr\u00eame<\/td><td><\/td><\/tr><tr><td>De 5 \u00e0 20 millions<\/td><td><br>-Tribunaux d\u2019instance<br>&nbsp;<br>-Cour d\u2019appel<br><br>&nbsp;-Cour supr\u00eame<\/td><td><\/td><\/tr><tr><td>De 20 \u00e0 50 millions<\/td><td>-Tribunaux d\u2019instance<br>&nbsp;<br>-Cour d\u2019appel<br>&nbsp;<br>-Cour supr\u00eame<\/td><td><\/td><\/tr><tr><td>Au del\u00e0 de 50 millions<\/td><td>-Tribunaux d\u2019instance<br>&nbsp;<br>-Cour d\u2019appel<br>&nbsp;<br>-Cour supr\u00eame<\/td><td><\/td><\/tr><\/tbody><\/table><\/figure>\n\n\n\n<p><\/p>\n\n\n\n<h3 class=\"wp-block-heading\" id=\"b-recouvrement-des-creances-sur-saisie-immobiliere\"><strong> b) Recouvrement des cr\u00e9ances sur saisie immobili\u00e8re<\/strong><\/h3>\n\n\n\n<figure class=\"wp-block-table\"><table><tbody><tr><td><strong>Montant cr\u00e9ance<\/strong><\/td><td><strong>Juridictions<\/strong><\/td><td><strong>Honoraires<br>(en F CFA)<\/strong><\/td><\/tr><tr><td>Jusqu\u2019\u00e0 5 millions<\/td><td>-Tribunaux d\u2019instance<br><br>-Cour d\u2019appel<br><br>-Cour supr\u00eame<\/td><td><\/td><\/tr><tr><td>De 5 \u00e0 20 millions<\/td><td><br>-Tribunaux d\u2019instance<br> <br>-Cour d\u2019appel<br><br> -Cour supr\u00eame<\/td><td><\/td><\/tr><tr><td>De 20 \u00e0 50 millions<\/td><td>-Tribunaux d\u2019instance<br> <br>-Cour d\u2019appel<br> <br>-Cour supr\u00eame<\/td><td><\/td><\/tr><tr><td>Au del\u00e0 de 50 millions<\/td><td>-Tribunaux d\u2019instance<br> <br>-Cour d\u2019appel<br> <br>-Cour supr\u00eame<\/td><td><\/td><\/tr><\/tbody><\/table><\/figure>\n\n\n\n<div class=\"wp-block-buttons is-layout-flex wp-block-buttons-is-layout-flex\"><\/div>\n\n\n\n<div class=\"wp-block-buttons is-layout-flex wp-block-buttons-is-layout-flex\"><\/div>\n\n\n\n<h3 class=\"wp-block-heading\" id=\"c-recouvrement-des-creances-contre-vous-au-cas-ou-vous-etes-defendeur-dans-une-procedure-de-recouvrement\"><strong>c) Recouvrement des cr\u00e9ances contre vous (au cas o\u00f9 vous \u00eates d\u00e9fendeur dans une proc\u00e9dure de recouvrement)<\/strong><\/h3>\n\n\n\n<figure class=\"wp-block-table\"><table><tbody><tr><td><strong>Montant cr\u00e9ance<\/strong><\/td><td><strong>Juridictions<\/strong><\/td><td><strong>Honoraires<br>(en F CFA)<\/strong><\/td><\/tr><tr><td>Jusqu\u2019\u00e0 5 millions<\/td><td>-Tribunaux d\u2019instance<br><br>-Cour d\u2019appel<br><br>-Cour supr\u00eame<\/td><td><\/td><\/tr><tr><td>De 5 \u00e0 20 millions<\/td><td><br>-Tribunaux d\u2019instance<br> <br>-Cour d\u2019appel<br><br> -Cour supr\u00eame<\/td><td><\/td><\/tr><tr><td>De 20 \u00e0 50 millions<\/td><td>-Tribunaux d\u2019instance<br> <br>-Cour d\u2019appel<br> <br>-Cour supr\u00eame<\/td><td><\/td><\/tr><tr><td>Au del\u00e0 de 50 millions<\/td><td>-Tribunaux d\u2019instance<br> <br>-Cour d\u2019appel<br> <br>-Cour supr\u00eame<\/td><td><\/td><\/tr><\/tbody><\/table><\/figure>\n\n\n\n<h3 class=\"wp-block-heading\" id=\"d-autres-affaires-et-procedures\"><strong>d) Autres affaires et proc\u00e9dures<\/strong><\/h3>\n\n\n\n<figure class=\"wp-block-table\"><table><tbody><tr><td><strong>Montant cr\u00e9ance<\/strong><\/td><td><strong>Juridictions<\/strong><\/td><td><strong>Honoraires<br>(en F CFA)<\/strong><\/td><\/tr><tr><td>Proc\u00e9dures p\u00e9nales<\/td><td>-TPI<br>&nbsp;<br>-TGI<br><br>-Cour d\u2019appel<br><br>-Cour supr\u00eame<\/td><td><\/td><\/tr><tr><td>Proc\u00e9dures sociales &amp; civiles (hors recouvrement)<\/td><td>-TPI<br>&nbsp;<br>-TGI<br>&nbsp;<br>-Cour d\u2019appel<br>&nbsp;<br>-Cour supr\u00eame<\/td><td><\/td><\/tr><tr><td>Divorce devant les juridictions coutumi\u00e8res<\/td><td>-Tribunaux d\u2019instance(TPD)<br> <br>-Cour d\u2019appel<br> <br>-Cour supr\u00eame<\/td><td><\/td><\/tr><tr><td>L\u00e9gitimation, reconnaissance ou d\u00e9saveux d\u2019enfant<\/td><td>-Tribunaux d\u2019instance<br> <br>-Cour d\u2019appel<br> <br>-Cour supr\u00eame<\/td><td><\/td><\/tr><tr><td>Recherche de paternit\u00e9<\/td><td>-Tribunaux d\u2019instance<br><br>-Cour d\u2019appel<br><br>-Cour supr\u00eame<\/td><td>Gratuit pour le demandeur, sous r\u00e9serve du paiement des frais<\/td><\/tr><tr><td>Proc\u00e9dures d\u2019adoption<\/td><td>TGI<\/td><td><\/td><\/tr><tr><td>Recouvrement des pensions alimentaires<\/td><td>-Tribunaux d\u2019instance<br><br>-Cour d\u2019appel<br><br>-Cour supr\u00eame<\/td><td>Gratuit pour le demandeur, sous r\u00e9serve du paiement des frais<\/td><\/tr><tr><td>Les r\u00e9f\u00e9r\u00e9s<\/td><td>-Tribunaux d\u2019instance<br><br>-Cour d\u2019appel<br><br>-Cour supr\u00eame<\/td><td><\/td><\/tr><tr><td>Contentieux d\u2019ex\u00e9cution<\/td><td>-Tribunaux d\u2019instance<br><br>-Cour d\u2019appel<br><br>-Cour supr\u00eame<\/td><td><\/td><\/tr><tr><td>D\u00e9fenses \u00e0 ex\u00e9cution<\/td><td>-Cour d\u2019appel<br>&nbsp;<br>-Cour supr\u00eame<\/td><td><\/td><\/tr><tr><td>Conciliation<\/td><td>-TPI<br>&nbsp;<br>-Inspection du travail<\/td><td><\/td><\/tr><tr><td>Proc\u00e9dure sur requ\u00eate<\/td><td>Tribunaux d\u2019instance<\/td><td><\/td><\/tr><tr><td>Reformation<\/td><td>Cour de justice de l\u2019OHADA (Abidjan)<\/td><td><\/td><\/tr><tr><td>Contentieux bancaire<\/td><td>COBAC &amp; Cour de justice de la CEMAC \u2013 N\u2019djamena<\/td><td><\/td><\/tr><tr><td>Contentieux fiscal<\/td><td>-Proc\u00e9dures gracieuses<br>&nbsp;<br>-Proc\u00e9dure devant la chambre administrative de la Cour supr\u00eame<\/td><td><\/td><\/tr><tr><td>Contentieux administratif<\/td><td>-Recours gracieux au Ministre comp\u00e9tent<br>&nbsp;<br>-Proc\u00e9dure devant la chambre administrative de la Cour supr\u00eame<\/td><td><\/td><\/tr><tr><td>Autres proc\u00e9dures (homologation d\u2019actes,..)<\/td><td>TPI, TGI<\/td><td><\/td><\/tr><\/tbody><\/table><\/figure>\n\n\n\n<h3 class=\"wp-block-heading\" id=\"ii-les-consultations\"><strong>II- Les consultations<\/strong><\/h3>\n\n\n\n<p><em>A d\u00e9terminer selon la complexit\u00e9 du probl\u00e8me pos\u00e9. Il est \u00e9galement possible de payer un forfait mensuel \u00e0 d\u00e9terminer d\u2019un commun accord pour \u00e9viter d\u2019avoir \u00e0 payer chaque fois que l\u2019on est amen\u00e9 \u00e0 poser un probl\u00e8me juridique ponctuel.<\/em><\/p>\n\n\n\n<div class=\"wp-block-buttons is-layout-flex wp-block-buttons-is-layout-flex\">\n<div class=\"wp-block-button\"><a class=\"wp-block-button__link\" href=\"https:\/\/scpboubou.org\/index.php\/contact-us\/\">Nous contacter<\/a><\/div>\n<\/div>\n\n\n\n<div class=\"wp-block-buttons is-layout-flex wp-block-buttons-is-layout-flex\"><\/div>\n","protected":false},"excerpt":{"rendered":"<p>BAREME DES HONORAIRES La loi portant organisation<\/p>\n","protected":false},"author":2,"featured_media":0,"parent":0,"menu_order":0,"comment_status":"closed","ping_status":"closed","template":"","meta":{"footnotes":""},"class_list":["post-5666","page","type-page","status-publish","hentry"],"_links":{"self":[{"href":"https:\/\/scpboubou.org\/index.php\/wp-json\/wp\/v2\/pages\/5666","targetHints":{"allow":["GET"]}}],"collection":[{"href":"https:\/\/scpboubou.org\/index.php\/wp-json\/wp\/v2\/pages"}],"about":[{"href":"https:\/\/scpboubou.org\/index.php\/wp-json\/wp\/v2\/types\/page"}],"author":[{"embeddable":true,"href":"https:\/\/scpboubou.org\/index.php\/wp-json\/wp\/v2\/users\/2"}],"replies":[{"embeddable":true,"href":"https:\/\/scpboubou.org\/index.php\/wp-json\/wp\/v2\/comments?post=5666"}],"version-history":[{"count":8,"href":"https:\/\/scpboubou.org\/index.php\/wp-json\/wp\/v2\/pages\/5666\/revisions"}],"predecessor-version":[{"id":6083,"href":"https:\/\/scpboubou.org\/index.php\/wp-json\/wp\/v2\/pages\/5666\/revisions\/6083"}],"wp:attachment":[{"href":"https:\/\/scpboubou.org\/index.php\/wp-json\/wp\/v2\/media?parent=5666"}],"curies":[{"name":"wp","href":"https:\/\/api.w.org\/{rel}","templated":true}]}}