{"id":5605,"date":"2022-02-17T16:32:55","date_gmt":"2022-02-17T15:32:55","guid":{"rendered":"https:\/\/scpboubou.org\/?page_id=5605"},"modified":"2022-03-24T18:28:31","modified_gmt":"2022-03-24T17:28:31","slug":"donnees-juridique","status":"publish","type":"page","link":"https:\/\/scpboubou.org\/index.php\/donnees-juridique\/","title":{"rendered":"Donn\u00e9es Juridiques"},"content":{"rendered":"\t\t<div data-elementor-type=\"wp-page\" data-elementor-id=\"5605\" class=\"elementor elementor-5605\" data-elementor-settings=\"[]\">\n\t\t\t\t\t\t\t<div class=\"elementor-section-wrap\">\n\t\t\t\t\t\t\t<section class=\"elementor-section elementor-top-section elementor-element elementor-element-e198bc5 elementor-section-boxed elementor-section-height-default elementor-section-height-default\" data-id=\"e198bc5\" data-element_type=\"section\">\n\t\t\t\t\t\t<div class=\"elementor-container elementor-column-gap-default\">\n\t\t\t\t\t<div class=\"elementor-column elementor-col-100 elementor-top-column elementor-element elementor-element-74760a7\" data-id=\"74760a7\" data-element_type=\"column\">\n\t\t\t<div class=\"elementor-widget-wrap elementor-element-populated\">\n\t\t\t\t\t\t\t\t<div class=\"elementor-element elementor-element-8ce3274 elementor-widget elementor-widget-text-editor\" data-id=\"8ce3274\" data-element_type=\"widget\" data-widget_type=\"text-editor.default\">\n\t\t\t\t<div class=\"elementor-widget-container\">\n\t\t\t<style>\/*! elementor - v3.5.5 - 03-02-2022 *\/\n.elementor-widget-text-editor.elementor-drop-cap-view-stacked .elementor-drop-cap{background-color:#818a91;color:#fff}.elementor-widget-text-editor.elementor-drop-cap-view-framed .elementor-drop-cap{color:#818a91;border:3px solid;background-color:transparent}.elementor-widget-text-editor:not(.elementor-drop-cap-view-default) .elementor-drop-cap{margin-top:8px}.elementor-widget-text-editor:not(.elementor-drop-cap-view-default) .elementor-drop-cap-letter{width:1em;height:1em}.elementor-widget-text-editor .elementor-drop-cap{float:left;text-align:center;line-height:1;font-size:50px}.elementor-widget-text-editor .elementor-drop-cap-letter{display:inline-block}<\/style>\t\t\t\t<h4>EN MATIERE DU TRAVAIL ET DE LA PREVOYANCE SOCIALE<\/h4><ul><li><strong> CODE DU TRAVAIL\u00a0: loi N\u00b092\/007 du 14 ao\u00fbt 1992\u00a0 <\/strong><\/li><li><strong> Textes d\u2019application du Code de travail class\u00e9s par th\u00e8mes<\/strong><\/li><\/ul><h3 align=\"left\">Classement par th\u00e8me<\/h3><h4><strong> FORMATION PROFESSIONNELLE <\/strong><\/h4><ul><li>D\u00e9cret N \u00b0 79\/201 du 28 Mai 1979 portant organisation et fonctionnement des centres de formation professionnelle rapide<\/li><li>Arr\u00eat\u00e9 N \u00b0 2\/MTPS\/DMO fixant les modalit\u00e9s d&rsquo;octroi et de retrait d&rsquo;agr\u00e9ment des Centres Priv\u00e9s de Formation Professionnelle Rapide<\/li><\/ul><h4><strong> LES SYNDICATS <\/strong><\/h4><ul><li>D\u00e9cret N\u00b093\/574 du 15 juillet 1993 fixant la forme des syndicats professionnels admis \u00e0 la proc\u00e9dure d\u2019enregistrement<\/li><li>Annexe au d\u00e9cret N\u00b0 93\/574 DU 15 JUILLET 1993 fixant la forme des syndicats professionnels admis \u00e0 la proc\u00e9dure d\u2019enregistrement<\/li><\/ul><h4>LES DELEGUES DU PERSONNEL<\/h4><ul><li>Arr\u00eat\u00e9 N \u00b0 019\/MTPS\/SG\/CJ du 26 mai 1993 fixant les modalit\u00e9s de l\u2019\u00e9lection et les conditions d\u2019exercice des fonctions des d\u00e9l\u00e9gu\u00e9s du personnel<\/li><li>A rr\u00eat\u00e9 N \u00b0 19\/MTPS\/SG\/CJ du 26 Mai 1993 relatif aux d\u00e9l\u00e9gu\u00e9s du personnel)<\/li><\/ul><h4><strong> PROCES VERBAL D&rsquo;INFRACTIONS <\/strong><\/h4><ul><li>Lettre circulaire n \u00b0 003 du 06 mars 1996 relatif \u00e0 l\u2019\u00e9 lection des D\u00e9l\u00e9gu\u00e9s du personnel<\/li><li>D\u00e9cision N\u00b0 021\/METPS\/DT\/SDEP\/SIOP fixant la p\u00e9riode d\u2019organisation des \u00e9lections des d\u00e9l\u00e9gu\u00e9s du personnel<\/li><\/ul><h4><strong> LES SALAIRES <\/strong><\/h4><ul><li>Extrait de l\u2019Acte Uniforme OHADA sur les voies d\u2019ex\u00e9cution (art. 179-212)<\/li><li>D\u00e9cret N\u00b0 94\/197\/PM du 09 Mai 1994 relatif aux retenues sur salaire D\u00e9cret N\u00b069\/DF\/289 DU 30 Juillet 1969 relatif aux saisies-arr\u00eats, cessions et retenus sur le salaire, en application de l\u2019article 83 du code du travail<\/li><li>D\u00e9cret N\u00b0 95\/099\/PM DU 15 FEV. 1995 Fixant le salaire minimum interprofessionnel garanti<\/li><li>Lettre Circulaire N\u00b0 2\/MTPS\/DT\/SRP fixant champ d\u2019application et incidence du SMIG sur la fixation des salaires cat\u00e9goriels<\/li><li>Arr\u00eat\u00e9 N \u00b0 017\/MTPS\/DT rendant ex\u00e9cutoire une d\u00e9cision de la Commission Nationale Paritaire des Conventions Collectives et des Salaires<\/li><\/ul><h4><strong> LES TRAVAILLEURS DE NATIONALIT\u00c9 \u00c9TRANG\u00c8RE <\/strong><\/h4><ul><li>Loi N \u00b0 97-12 du 10 Janvier 1997 fixant les conditions d\u2019entr\u00e9e, de s\u00e9jour et de sortie des \u00e9trangers au Cameroun<\/li><li>D\u00e9cret N\u00b0 93\/571\/PM DU 15 JUILLET 1993 Fixant les conditions d\u2019emploi des travailleurs de nationalit\u00e9 \u00e9trang\u00e8re pour certaines professions ou certains niveaux de qualification professionnelle.<\/li><li>D\u00e9cret N\u00b0 93\/575\/PM DU 15 Juillet 1993 Fixant les modalit\u00e9s d\u2019\u00e9tablissement et de visa de certains contrats de travail<\/li><li>Convention n \u00b0 97 concernant les travailleurs migrants<\/li><\/ul><h4>LES CONG\u00c9S ET LES F\u00caTES L\u00c9GALES<\/h4><ul><li>Loi N\u00b0 73\/5 DU 7 D\u00e9cembre 1973 fixant le r\u00e9gime des f\u00eates l\u00e9gales en R\u00e9publique Unie du Cameroun<\/li><li>D\u00e9cret N\u00b0 75\/28 du 10 Janvier 1975 portant modalit\u00e9s d\u2019application du r\u00e9gime des cong\u00e9s pay\u00e9s<\/li><li>D\u00e9cret n \u00b0 75\/29 du 10 Janvier 1975 fixant les modalit\u00e9s d\u2019application du r\u00e9gime des permissions exceptionnelles d\u2019absence pay\u00e9es<\/li><li>Circulaire N \u00b0 004\/MTPS\/DT\/CT : Calcul du cong\u00e9 en cas d&rsquo;absence du travailleur au cours de la p\u00e9riode de r\u00e9f\u00e9rence<\/li><\/ul><h4><strong> LOGEMENT \u2013 D\u00c9PLACEMENT \u2013 NUTRITION ET TRANSPORT DU TRAVAILLEUR D\u00c9PLAC\u00c9 <\/strong><\/h4><ul><li>D\u00e9cret n\u00b0 93\/573\/PM du 15 juillet 1993 fixant les modalit\u00e9s de prise en charge des frais de voyage et de transport du travailleur d\u00e9plac\u00e9<\/li><li>Arr\u00eat\u00e9 N\u00b0 11\/MTPS\/DT du 19 avril 1976 fixant les conditions auxquelles doit r\u00e9pondre le logement fourni aux travailleurs, le taux minimum et les modalit\u00e9s d\u2019attribution de l\u2019indemnit\u00e9 compensatrice de logement<\/li><li>Arr\u00eat\u00e9 N\u00b0 19\/MTLS\/DEGRE du 27 mai 1969 fixant la composition de la ration journali\u00e8re de vivres fournis aux travailleurs et sa valeur de remboursement<\/li><\/ul><h4><strong> LE LICENCIEMENT <\/strong><\/h4><ul><li>Arr\u00eat\u00e9 N\u00b0 O15\/MTPS\/SG\/CJ du 26 Mai 1993 d\u00e9terminant les conditions et la dur\u00e9e du pr\u00e9avis<\/li><li>Arr\u00eat\u00e9 N\u00b0 O16\/MTPS\/SG\/CJ du 26 Mai 1993 fixant les modalit\u00e9s d\u2019attribution et de calcul de l\u2019indemnit\u00e9 de licenciement<\/li><li>Arr\u00eat\u00e9 N\u00b0 021\/MTPS\/SG\/CJ du 26 Mai 1993 fixant les modalit\u00e9s de licenciement pour motif \u00e9conomique<\/li><li>Lettre circulaire N\u00b0 03\/MTPS\/SG\/ DT portant licenciement pour motif \u00e9conomique<\/li><\/ul><h4>LE TRAVAIL TEMPORAIRE ET PLACEMENT DES TRAVAILLEURS<\/h4><ul><li>D\u00e9cret N\u00b093\/577\/PM DU 15 Juillet 1993 Fixant les conditions d\u2019emploi des travailleurs temporaires, occasionnels ou saisonniers<\/li><li>D\u00e9cret N\u00b0 93\/572\/PM DU 15 Juillet 1993 Relatif aux entreprises de travail temporaire<\/li><li>D\u00e9cret N\u00b0 93\/57O\/PM DU 15 Juillet 1993 Fixant les modalit\u00e9s de placement des travailleurs<\/li><li>D\u00e9cret N\u00b0 68\/DF\/249 DU 10 Juillet fixant les modalit\u00e9s d\u2019application de la dur\u00e9e du travail et d\u00e9terminant les d\u00e9rogations dans les entreprises soumises au r\u00e9gime de la dur\u00e9e l\u00e9gale hebdomadaire de quarante heures<\/li><li>D\u00e9cret N \u00b0 95\/677\/PM DU 18 D\u00e9cembre 1995 portant d\u00e9rogations \u00e0 la dur\u00e9e l\u00e9gale du travail<\/li><\/ul><h4><strong> SUSPENSION ET CESSATION DU CONTRAT DE TRAVAIL <\/strong><\/h4><ul><li>Arr\u00eat\u00e9 N \u00b0 001\/CA\/MTPS DU 14\/02\/1995 Fixant les taux d\u2019indemnisation pendant la p\u00e9riode de suspension du contrat de travail pour cause de ch\u00f4mage technique<\/li><li>Lettre circulaire n \u00b0 04\/MTPS relative \u00e0 la proc\u00e9dure de mise \u00e0 la retraite des travailleurs<\/li><li>Lettre circulaire n \u00b0 05\/MTPS\/DT sur les d\u00e9parts involontaires<\/li><\/ul><h4><strong> L\u2019ENGAGEMENT \u00c0 L\u2019ESSAI ET L\u2019EMBAUCHE <\/strong><\/h4><ul><li>Loi n \u00b0 98\/002 du 14 avril 1998, autorisant le Pr\u00e9sident de la R\u00e9publique \u00e0 ratifier la Convention n \u00b0 138 de l\u2019Organisation Internationale du Travail sur l\u2019\u00e2ge minimum d\u2019admission \u00e0 l\u2019emploi<\/li><li>Annexe \u00e0 la loi n \u00b0 98-02 du 14 avril 1998 : D\u00e9claration du Gouvernement sur l\u2019\u00e2ge minimum d\u2019admission \u00e0 l\u2019emploi<\/li><li>Convention n \u00b0 111 concernant la discrimination en mati\u00e8re d\u2019emploi et de profession<\/li><li>Arr\u00eat\u00e9 N\u00b0 O17\/MTPS\/SG\/CJ du 26 mai 1993 fixant la dur\u00e9e maximale et les modalit\u00e9s de l\u2019engagement \u00e0 l\u2019essai<\/li><\/ul><h4><strong> LES M\u00c9DAILLES DU TRAVAIL <\/strong><\/h4><ul><li>Loi n \u00b0 74\/9 du 16 Juillet 1974 portant institution de la m\u00e9daille d\u2019honneur du travail<\/li><li>Arr\u00eat\u00e9 N\u00b0 44 \/ MTPS\/ DAG \/ SDH fixant les prix de cession des insignes de la m\u00e9daille d\u2019honneur du travail<\/li><\/ul><h4>DECLARATION D\u2019ETABLISSEMENT<\/h4><ul><li>D\u00e9cret N \u00b0 020\/MTPS\/SG\/CJ DU 26 MAI 1993 fixant les modalit\u00e9s de d\u00e9claration d\u2019\u00e9tablissement<\/li><\/ul><h4><strong> LES ACCIDENTS DE TRAVAIL ET MALADIES PROFESSIONNELLES <\/strong><\/h4><ul><li>Loi n\u00b0 84\/007 du 04 juillet 1984 modifiant la loi n\u00b0 69\/LF\/18 du 10 Novembre 1969 instituant un r\u00e9gime d\u2019assurance pensions de vieillesse, d\u2019invalidit\u00e9 et de d\u00e9c\u00e8s<\/li><li>D\u00e9cret n\u00b0 78-480 du 8 novembre 1978 fixant les modalit\u00e9s et la proc\u00e9dure du contr\u00f4le m\u00e9dical et d\u2019expertises m\u00e9dicales<\/li><li>D\u00e9cret n\u00b0 78-545 du 28 d\u00e9cembre 1978 fixant les modalit\u00e9s et la base de calcul de l\u2019indemnit\u00e9 journali\u00e8re et des rentes<\/li><li>D\u00e9cret n\u00b0 78-546 du 28 d\u00e9cembre 1978 Fixant les modalit\u00e9s de d\u00e9claration et la proc\u00e9dure d\u2019enqu\u00eate en mati\u00e8re d\u2019accidents de travail ou de maladies professionnelles<\/li><li>D\u00e9cret n\u00b0 78-547 du 28 d\u00e9cembre 1978 Fixant les modalit\u00e9s de prise en charge des prestations en nature aux victimes d\u2019accidents du travail ou de maladies professionnelles<\/li><li>D\u00e9cret n\u00b0 99\/223 du 30 Septembre portant modification de certaines dispositions du d\u00e9cret n\u00b0 74\/26 du 11 janvier 1974 fixant les modalit\u00e9s d\u2019application de certaines dispositions de l\u2019ordonnance n\u00b0 73\/17 du 22 Mai 1973 portant organisation de la Pr\u00e9voyance Sociale<\/li><\/ul><h4><strong> LA MEDECINE DU<\/strong><strong> TRAVAIL <\/strong><\/h4><ul><li>D\u00e9cret n\u00b0 79\/096 du 21 Mars 1979 fixant les modalit\u00e9s d\u2019exercice de la m\u00e9decine du travail<\/li><li>Annexe n\u00b0 1 AU D\u00e9cret N\u00b0 79\/096 du 21 mars 1979 contrat type de m\u00e9decine du travail<\/li><li>Lettre circulaire N\u00b0 02065\/MTPS relatif \u00e0 l\u2019exercice de la m\u00e9decine du travail <strong>\u00a0<\/strong><\/li><\/ul><h4>TEXTES SUR L\u2019EMPLOI ET MAIN D\u2019\u0152UVRE<\/h4><ul><li>D\u00e9cret n\u00b0 90\/805 du 27 Avril 1990 portant cr\u00e9ation, organisation et fonctionnement du Fonds National de l\u2019Emploi<\/li><li>D\u00e9cret N\u00b0 93 \/ 726 \/ PM DU 24 Novembre 1993 fixant les modalit\u00e9s d\u2019application de certaines dispositions du code du travail<\/li><li>Convention N \u00b0 89 concernant le travail de nuit des femmes occup\u00e9es dans l&rsquo;industrie (r\u00e9vis\u00e9e en 1948)<\/li><\/ul><h4><strong> ORGANISATION DU MINISTERE DU TRAVAIL <\/strong><\/h4><ul><li>D\u00e9cret N \u00b0 98\/150 du 24 juillet 1998 portant Organisation du Minist\u00e8re de L&#8217;emploi, du Travail et de la Pr\u00e9voyance Sociale<\/li><li>D\u00e9cret N\u00b072\/DF\/110 du 28 f\u00e9vrier 1972 fixant les dispositions communes applicables aux agents de l\u2019Etat relevant du code du travail<\/li><\/ul><h4><strong> CONVENTION INTERNATIONALE <\/strong><\/h4><ul><li>Convention n\u00b0 182 de l&rsquo;Organisation internationale du Travail sur les pires formes de travail des enfants et l&rsquo;action imm\u00e9diate en vue de leur \u00e9limination<\/li><\/ul><h4><strong> ACTES DE PROCEDURES <\/strong><\/h4><ul><li>ANNEXE AU DECRET N\u00b0 93\/726\/PM DU 24 NOV. 1993 fixant les modalit\u00e9s d\u2019application de certaines dispositions du code du travail\u00a0:<ul><li>Formulaires d\u2019opposition<\/li><li>Formulaires d\u2019actes d\u2019appel<\/li><li>Formulaires de d\u00e9claration de pourvoi en cassation<\/li><\/ul><\/li><\/ul>\t\t\t\t\t\t<\/div>\n\t\t\t\t<\/div>\n\t\t\t\t\t<\/div>\n\t\t<\/div>\n\t\t\t\t\t\t\t<\/div>\n\t\t<\/section>\n\t\t\t\t\t\t<\/div>\n\t\t\t\t\t<\/div>\n\t\t","protected":false},"excerpt":{"rendered":"<p>EN MATIERE DU TRAVAIL ET DE LA<\/p>\n","protected":false},"author":2,"featured_media":0,"parent":0,"menu_order":0,"comment_status":"closed","ping_status":"closed","template":"","meta":{"footnotes":""},"class_list":["post-5605","page","type-page","status-publish","hentry"],"_links":{"self":[{"href":"https:\/\/scpboubou.org\/index.php\/wp-json\/wp\/v2\/pages\/5605","targetHints":{"allow":["GET"]}}],"collection":[{"href":"https:\/\/scpboubou.org\/index.php\/wp-json\/wp\/v2\/pages"}],"about":[{"href":"https:\/\/scpboubou.org\/index.php\/wp-json\/wp\/v2\/types\/page"}],"author":[{"embeddable":true,"href":"https:\/\/scpboubou.org\/index.php\/wp-json\/wp\/v2\/users\/2"}],"replies":[{"embeddable":true,"href":"https:\/\/scpboubou.org\/index.php\/wp-json\/wp\/v2\/comments?post=5605"}],"version-history":[{"count":14,"href":"https:\/\/scpboubou.org\/index.php\/wp-json\/wp\/v2\/pages\/5605\/revisions"}],"predecessor-version":[{"id":6093,"href":"https:\/\/scpboubou.org\/index.php\/wp-json\/wp\/v2\/pages\/5605\/revisions\/6093"}],"wp:attachment":[{"href":"https:\/\/scpboubou.org\/index.php\/wp-json\/wp\/v2\/media?parent=5605"}],"curies":[{"name":"wp","href":"https:\/\/api.w.org\/{rel}","templated":true}]}}