{"id":5598,"date":"2022-02-17T16:19:08","date_gmt":"2022-02-17T15:19:08","guid":{"rendered":"https:\/\/scpboubou.org\/?page_id=5598"},"modified":"2026-01-13T12:03:00","modified_gmt":"2026-01-13T11:03:00","slug":"le-cabinet","status":"publish","type":"page","link":"https:\/\/scpboubou.org\/index.php\/le-cabinet\/","title":{"rendered":"Le cabinet"},"content":{"rendered":"\t\t<div data-elementor-type=\"wp-page\" data-elementor-id=\"5598\" class=\"elementor elementor-5598\" data-elementor-settings=\"[]\">\n\t\t\t\t\t\t\t<div class=\"elementor-section-wrap\">\n\t\t\t\t\t\t\t<section class=\"elementor-section elementor-top-section elementor-element elementor-element-bfea85e elementor-section-boxed elementor-section-height-default elementor-section-height-default\" data-id=\"bfea85e\" data-element_type=\"section\">\n\t\t\t\t\t\t<div class=\"elementor-container elementor-column-gap-default\">\n\t\t\t\t\t<div class=\"elementor-column elementor-col-100 elementor-top-column elementor-element elementor-element-b4dc995\" data-id=\"b4dc995\" data-element_type=\"column\">\n\t\t\t<div class=\"elementor-widget-wrap elementor-element-populated\">\n\t\t\t\t\t\t\t\t<div class=\"elementor-element elementor-element-9dc1fc0 elementor-widget elementor-widget-heading\" data-id=\"9dc1fc0\" data-element_type=\"widget\" data-widget_type=\"heading.default\">\n\t\t\t\t<div class=\"elementor-widget-container\">\n\t\t\t<style>\/*! elementor - v3.5.5 - 03-02-2022 *\/\n.elementor-heading-title{padding:0;margin:0;line-height:1}.elementor-widget-heading .elementor-heading-title[class*=elementor-size-]>a{color:inherit;font-size:inherit;line-height:inherit}.elementor-widget-heading .elementor-heading-title.elementor-size-small{font-size:15px}.elementor-widget-heading .elementor-heading-title.elementor-size-medium{font-size:19px}.elementor-widget-heading .elementor-heading-title.elementor-size-large{font-size:29px}.elementor-widget-heading .elementor-heading-title.elementor-size-xl{font-size:39px}.elementor-widget-heading .elementor-heading-title.elementor-size-xxl{font-size:59px}<\/style><h2 class=\"elementor-heading-title elementor-size-default\"><strong><u>LA RAISON D\u2019ETRE de la SCP BOUBOU &amp; Associ\u00e9s<\/u><\/strong> <\/h2>\t\t<\/div>\n\t\t\t\t<\/div>\n\t\t\t\t\t<\/div>\n\t\t<\/div>\n\t\t\t\t\t\t\t<\/div>\n\t\t<\/section>\n\t\t\t\t<section class=\"elementor-section elementor-top-section elementor-element elementor-element-1e4af51 elementor-section-boxed elementor-section-height-default elementor-section-height-default\" data-id=\"1e4af51\" data-element_type=\"section\">\n\t\t\t\t\t\t<div class=\"elementor-container elementor-column-gap-default\">\n\t\t\t\t\t<div class=\"elementor-column elementor-col-100 elementor-top-column elementor-element elementor-element-fb1e65e\" data-id=\"fb1e65e\" data-element_type=\"column\">\n\t\t\t<div class=\"elementor-widget-wrap elementor-element-populated\">\n\t\t\t\t\t\t\t\t<div class=\"elementor-element elementor-element-7d3beea elementor-widget elementor-widget-text-editor\" data-id=\"7d3beea\" data-element_type=\"widget\" data-widget_type=\"text-editor.default\">\n\t\t\t\t<div class=\"elementor-widget-container\">\n\t\t\t<style>\/*! elementor - v3.5.5 - 03-02-2022 *\/\n.elementor-widget-text-editor.elementor-drop-cap-view-stacked .elementor-drop-cap{background-color:#818a91;color:#fff}.elementor-widget-text-editor.elementor-drop-cap-view-framed .elementor-drop-cap{color:#818a91;border:3px solid;background-color:transparent}.elementor-widget-text-editor:not(.elementor-drop-cap-view-default) .elementor-drop-cap{margin-top:8px}.elementor-widget-text-editor:not(.elementor-drop-cap-view-default) .elementor-drop-cap-letter{width:1em;height:1em}.elementor-widget-text-editor .elementor-drop-cap{float:left;text-align:center;line-height:1;font-size:50px}.elementor-widget-text-editor .elementor-drop-cap-letter{display:inline-block}<\/style>\t\t\t\t<p style=\"font-weight: normal; font-style: italic; color: #000000; font-size: 14pt; font-family: Arial; letter-spacing: 0pt; transform: scaleX(1); text-align: justify; line-height: 107.91666507720947%; ;white-space: pre; margin: 0pt 0pt 8pt 0pt;\"><span style=\"font-weight: normal; font-style: italic; font-size: 14pt; font-family: Arial;\">Servir la justice, facteur de paix, \u00e0 tout prix\u00a0; la rechercher sans souci\u00a0; l&rsquo;aimer pour elle-<\/span><span style=\"font-weight: normal; font-style: italic; font-size: 14pt; font-family: Arial;\">m\u00eame et non pour les avantages qu&rsquo;on peut en retirer. Gagner avec le client. <\/span><\/p><p style=\"font-weight: normal; font-style: italic; color: #000000; font-size: 14pt; font-family: Arial; letter-spacing: 0pt; transform: scaleX(1); text-align: justify; line-height: 107.91666507720947%; ;white-space: pre; margin: 0pt 0pt 8pt 0pt;\"><span style=\"font-weight: normal; font-style: italic; font-size: 14pt; font-family: Arial;\">En accomplissant cette mission, nous avons le sentiment de dominer les mis\u00e8res de notre vie \u00e9ph\u00e9m\u00e8re, pour nous joindre \u00e0 la vie \u00e9ternelle et de nous rendre dignes de l&#8217;empreinte immortelle qui est en nous. <\/span><\/p><p style=\"font-weight: normal; font-style: italic; color: #000000; font-size: 14pt; font-family: Arial; letter-spacing: 0pt; transform: scaleX(1); text-align: justify; line-height: 107.91666507720947%; ;white-space: pre; margin: 0pt 0pt 8pt 0pt;\">\u00a0<\/p><p style=\"font-weight: normal; font-style: italic; color: #000000; font-size: 14pt; font-family: Arial; letter-spacing: 0pt; transform: scaleX(1); text-align: justify; line-height: 107.91666507720947%; ;white-space: pre; margin: 0pt 0pt 8pt 0pt;\"><span style=\"font-weight: normal; font-style: italic; font-size: 14pt; font-family: Arial;\">Il d\u00e9coule de ce principe \u00e9thique, entre autres le devoir pour nous de travailler assid\u00fbment pour acqu\u00e9rir toujours plus de savoir et de savoir-<\/span><span style=\"font-weight: normal; font-style: italic; font-size: 14pt; font-family: Arial;\">faire, afin d\u2019am\u00e9liorer notre capacit\u00e9 \u00e0 bien fournir tous les services dus et \u00e0 donner mieux que quiconque, une aide et une assistance efficace. <\/span><\/p><p style=\"font-weight: normal; font-style: italic; color: #000000; font-size: 14pt; font-family: Arial; letter-spacing: 0pt; transform: scaleX(1); text-align: justify; line-height: 107.91666507720947%; ;white-space: pre; margin: 0pt 0pt 8pt 0pt;\">\u00a0<\/p><p style=\"font-weight: normal; font-style: italic; color: #000000; font-size: 14pt; font-family: Arial; letter-spacing: 0pt; transform: scaleX(1); text-align: justify; line-height: 107.91666507720947%; ;white-space: pre; margin: 0pt 0pt 8pt 0pt;\"><span style=\"font-weight: normal; font-style: italic; font-size: 14pt; font-family: Arial;\">Pour atteindre ce but, chacun des membres du cabinet prend librement les engagements d\u00e9velopp\u00e9s dans le Code de Conduite de la SCP <\/span><span style=\"font-weight: normal; font-style: italic; font-size: 14pt; font-family: Arial;\">BOUBOU <\/span><span style=\"font-weight: normal; font-style: italic; font-size: 14pt; font-family: Arial;\">&amp; <\/span><span style=\"font-weight: normal; font-style: italic; font-size: 14pt; font-family: Arial;\">Associ\u00e9s.<\/span><\/p>\t\t\t\t\t\t<\/div>\n\t\t\t\t<\/div>\n\t\t\t\t\t<\/div>\n\t\t<\/div>\n\t\t\t\t\t\t\t<\/div>\n\t\t<\/section>\n\t\t\t\t<section class=\"elementor-section elementor-top-section elementor-element elementor-element-dfb489b elementor-section-boxed elementor-section-height-default elementor-section-height-default\" data-id=\"dfb489b\" data-element_type=\"section\">\n\t\t\t\t\t\t<div class=\"elementor-container elementor-column-gap-default\">\n\t\t\t\t\t<div class=\"elementor-column elementor-col-100 elementor-top-column elementor-element elementor-element-fcc534d\" data-id=\"fcc534d\" data-element_type=\"column\">\n\t\t\t<div class=\"elementor-widget-wrap elementor-element-populated\">\n\t\t\t\t\t\t\t\t<div class=\"elementor-element elementor-element-c324d01 elementor-widget elementor-widget-spacer\" data-id=\"c324d01\" data-element_type=\"widget\" data-widget_type=\"spacer.default\">\n\t\t\t\t<div class=\"elementor-widget-container\">\n\t\t\t\t\t<div class=\"elementor-spacer\">\n\t\t\t<div class=\"elementor-spacer-inner\"><\/div>\n\t\t<\/div>\n\t\t\t\t<\/div>\n\t\t\t\t<\/div>\n\t\t\t\t\t<\/div>\n\t\t<\/div>\n\t\t\t\t\t\t\t<\/div>\n\t\t<\/section>\n\t\t\t\t<section class=\"elementor-section elementor-top-section elementor-element elementor-element-e8222f5 elementor-section-boxed elementor-section-height-default elementor-section-height-default\" data-id=\"e8222f5\" data-element_type=\"section\">\n\t\t\t\t\t\t<div class=\"elementor-container elementor-column-gap-default\">\n\t\t\t\t\t<div class=\"elementor-column elementor-col-100 elementor-top-column elementor-element elementor-element-d98b87d\" data-id=\"d98b87d\" data-element_type=\"column\">\n\t\t\t<div class=\"elementor-widget-wrap elementor-element-populated\">\n\t\t\t\t\t\t\t\t<div class=\"elementor-element elementor-element-777e42e elementor-widget elementor-widget-heading\" data-id=\"777e42e\" data-element_type=\"widget\" data-widget_type=\"heading.default\">\n\t\t\t\t<div class=\"elementor-widget-container\">\n\t\t\t<h2 class=\"elementor-heading-title elementor-size-default\"><p style=\"font-weight: bold; font-style: normal; text-decoration-line: underline; color: rgb(0, 0, 0); font-size: 22pt; font-family: Arial; letter-spacing: 0pt; transform: scaleX(1); text-align: center; margin: 0pt; line-height: normal; text-wrap-mode: nowrap;\"><span style=\"font-weight: bold; font-style: normal; font-size: 22pt; font-family: Arial;\">CODE DE CONDUITE<\/span><\/p><p style=\"font-weight: bold; font-style: normal; text-decoration-line: underline; color: rgb(0, 0, 0); font-size: 22pt; font-family: Arial; letter-spacing: 0pt; transform: scaleX(1); text-align: center; margin: 0pt; line-height: normal; text-wrap-mode: nowrap;\"><span style=\"font-weight: bold; font-style: normal; font-size: 22pt; font-family: Arial;\">de la SCP BOUBOU &amp; Associ\u00e9s<\/span><span style=\"color: var( --e-global-color-primary ); font-family: var( --e-global-typography-primary-font-family ), Sans-serif; font-size: 4.9rem; font-style: normal; font-weight: 600; text-wrap-mode: wrap;\"><\/span><\/p><\/h2>\t\t<\/div>\n\t\t\t\t<\/div>\n\t\t\t\t\t<\/div>\n\t\t<\/div>\n\t\t\t\t\t\t\t<\/div>\n\t\t<\/section>\n\t\t\t\t<section class=\"elementor-section elementor-top-section elementor-element elementor-element-cd28e96 elementor-section-boxed elementor-section-height-default elementor-section-height-default\" data-id=\"cd28e96\" data-element_type=\"section\">\n\t\t\t\t\t\t<div class=\"elementor-container elementor-column-gap-default\">\n\t\t\t\t\t<div class=\"elementor-column elementor-col-100 elementor-top-column elementor-element elementor-element-6518fa8\" data-id=\"6518fa8\" data-element_type=\"column\">\n\t\t\t<div class=\"elementor-widget-wrap elementor-element-populated\">\n\t\t\t\t\t\t\t\t<div class=\"elementor-element elementor-element-60e0d83 elementor-widget elementor-widget-text-editor\" data-id=\"60e0d83\" data-element_type=\"widget\" data-widget_type=\"text-editor.default\">\n\t\t\t\t<div class=\"elementor-widget-container\">\n\t\t\t\t\t\t\t<p><b>I. Comportement g\u00e9n\u00e9ral des membres du cabinet<\/b><\/p><p>\u00a0<\/p><p><b>Art. 1 Exercice de la profession<\/b><\/p><p>\u00a0<\/p><p>Exercer la profession d\u2019avocat avec soin et diligence et dans le respect des lois et r\u00e8glements.<\/p><p><span style=\"font-size: 18px; color: var( --e-global-color-text );\">S\u2019abstenir d\u2019exercer toute activit\u00e9 susceptible de mettre en cause la confiance mise au cabinet.<\/span><\/p><p>\u00a0<\/p><p><b>Art. 2 Ex\u00e9cution du mandat<\/b><\/p><p>\u00a0<\/p><p>Ex\u00e9cuter ses activit\u00e9s professionnelles en toute ind\u00e9pendance et \u00e9tablir avec les clients des relations clairement d\u00e9finies.<\/p><p>\u00a0<\/p><p>Traiter le mandat promptement et informer les clients de l\u2019\u00e9volution de ses affaires.<\/p><p>\u00a0<\/p><p>Chaque membre du cabinet reconna\u00eet qu\u2019il est personnellement responsable de l&rsquo;ex\u00e9cution du mandat, que ce dernier lui ait \u00e9t\u00e9 confi\u00e9 personnellement ou au cabinet.<\/p><p>\u00a0<\/p><p><b>Art. 3 Fin du mandat<\/b><\/p><p>\u00a0<\/p><p>Ne jamais exercer notre droit de ne plus s\u2019occuper d\u2019une affaire \u00e0 contretemps, de mani\u00e8re telle que le client ne soit pas en mesure de trouver une autre assistance judiciaire en temps utile. Une raison financi\u00e8re ne peut \u00eatre invoqu\u00e9e qu\u2019au cas o\u00f9 la mauvaise foi du client est clairement \u00e9tablie.<\/p><p>\u00a0<\/p><p><b>Art. 4 D\u00e9c\u00e8s de l\u2019avocat<\/b><\/p><p>\u00a0<\/p><p>Prendre toutes les mesures qui s\u2019imposent, afin qu\u2019\u00e0 son d\u00e9c\u00e8s, les int\u00e9r\u00eats des clients et le secret professionnel soient sauvegard\u00e9s.<\/p><p>\u00a0<\/p><p><b>Art. 5 Libre choix de l\u2019avocat<\/b><\/p><p>\u00a0<\/p><p>Ne passer avec un client aucun accord contraire au principe du libre choix de l\u2019avocat.<\/p><p>\u00a0<\/p><p><b>Art. 6 Comportement en proc\u00e9dure<\/b><\/p><p>\u00a0<\/p><p>Sauf accord expr\u00e8s de la partie adverse, ne pas porter \u00e0 la connaissance du Tribunal des propositions de m\u00e9diation, d\u2019arbitrage ou de conciliation.<\/p><p>\u00a0<\/p><p><b>Art. 7 L\u2019int\u00e9r\u00eat du client<\/b><\/p><p>\u00a0<\/p><p>Toujours conseiller et d\u00e9fendre promptement, consciencieusement et avec diligence les int\u00e9r\u00eats du client, m\u00eame par rapport \u00e0 nos propres int\u00e9r\u00eats ou \u00e0 ceux de nos confr\u00e8res, sous r\u00e9serve du strict respect des r\u00e8gles l\u00e9gales et d\u00e9ontologiques.<\/p><p>\u00a0<\/p><p>Assumer personnellement la responsabilit\u00e9 de la mission qui nous est confi\u00e9e.<\/p><p>\u00a0<\/p><p>Ne pas accepter de se charger d\u2019une affaire sans \u00eatre s\u00fbr d\u2019avoir la comp\u00e9tence n\u00e9cessaire pour la traiter, \u00e0 moins de coop\u00e9rer avec un tiers ayant cette comp\u00e9tence.<\/p><p>\u00a0<\/p><p><b>Art. 8 Rapport avec les autorit\u00e9s<\/b><\/p><p>\u00a0<\/p><p>S\u2019adresser aux autorit\u00e9s avec le respect qui leur est d\u00fb et attendre d\u2019elles les m\u00eames \u00e9gards.<\/p><p>\u00a0<\/p><p>Entreprendre toutes les d\u00e9marches l\u00e9gales n\u00e9cessaires \u00e0 la sauvegarde des int\u00e9r\u00eats de nos clients.<\/p><p>\u00a0<\/p><p><b>Art. 9 R\u00e8glement amiable des litiges<\/b><\/p><p>\u00a0<\/p><p>S\u2019efforcer de convaincre les justiciables \u00e0 r\u00e9gler \u00e0 l\u2019amiable leur litige en leur enseignant des avantages que repr\u00e9sentent les modes amiables de r\u00e8glement des diff\u00e9rends (MARD).<\/p><p>\u00a0<\/p><p><b>Art. 10 Ind\u00e9pendance<\/b><\/p><p>\u00a0<\/p><p>La multiplicit\u00e9 des devoirs incombant \u00e0 l\u2019avocat lui impose une ind\u00e9pendance absolue, exempte de toute pression, notamment de celle r\u00e9sultant de ses propres int\u00e9r\u00eats ou d\u2019influences ext\u00e9rieures. Cette ind\u00e9pendance est aussi n\u00e9cessaire pour la confiance en la justice que l\u2019impartialit\u00e9 du juge.<\/p><p>\u00a0<\/p><p>Par cons\u00e9quent\u00a0:<\/p><ul><li style=\"list-style-type: none;\"><ul><li>nous nous engageons \u00e0 \u00e9viter toute atteinte \u00e0 notre ind\u00e9pendance et \u00e0 veiller \u00e0 ne pas n\u00e9gliger le respect de la d\u00e9ontologie pour plaire au client, au juge ou \u00e0 des tiers,<\/li><li>nous reconnaissons que le conseil donn\u00e9 au client n\u2019a aucune valeur, s\u2019il n\u2019a \u00e9t\u00e9 donn\u00e9 que par complaisance, par int\u00e9r\u00eat personnel ou sous l\u2019effet d\u2019une pression ext\u00e9rieure,<\/li><li>n\u2019exercer aucune activit\u00e9 incompatible avec notre ind\u00e9pendance,<\/li><li>\u00e9viter tous liens susceptibles de nous exposer, dans l\u2019exercice de notre profession, \u00e0 quelque influence que ce soit de tiers.<\/li><\/ul><\/li><\/ul><p><b>Art. 11 Conflits d\u2019int\u00e9r\u00eats<\/b><\/p><p><span style=\"font-size: 18px; color: var( --e-global-color-text );\">Nous nous abstenons de nous occuper des affaires de deux ou de tous les clients concern\u00e9s, lorsque surgit entre eux un conflit d\u2019int\u00e9r\u00eats, lorsque le secret professionnel risque d\u2019\u00eatre viol\u00e9 ou lorsque notre ind\u00e9pendance risque de ne plus \u00eatre enti\u00e8re.<\/span><\/p><p>\u00a0<\/p><p><b>Art. 12 Pluralit\u00e9 de clients<\/b><\/p><p>\u00a0<\/p><p>Nous n\u2019acceptons pas de repr\u00e9senter, conseiller ou de d\u00e9fendre, dans la m\u00eame affaire, plus d\u2019un client, s\u2019il existe un conflit ou un risque de conflit d\u2019int\u00e9r\u00eats entre ces clients.<\/p><p>\u00a0<\/p><p>Nous mettons fin aux mandats de tous les clients concern\u00e9s, s\u2019il surgit un conflit d\u2019int\u00e9r\u00eats, un risque de violation du secret professionnel ou si notre ind\u00e9pendance est menac\u00e9e.<\/p><p>\u00a0<\/p><p><b>Art. 13 Mandats ant\u00e9rieurs<\/b><\/p><p>\u00a0<\/p><p>Nous n\u2019acceptons pas un nouveau mandat si le secret des informations donn\u00e9es par un ancien client risque d\u2019\u00eatre viol\u00e9 ou lorsque la connaissance des affaires d\u2019un pr\u00e9c\u00e9dent client pourrait porter pr\u00e9judice \u00e0 ce dernier.<\/p><p>\u00a0<\/p><p><b>Art. 14 Changement de cabinet<\/b><\/p><p>\u00a0<\/p><p>Chaque membre du cabinet reconna\u00eet express\u00e9ment que s\u2019il change de cabinet, il demeure soumis aux dispositions du pr\u00e9sent code relatives aux conflits d\u2019int\u00e9r\u00eats.<\/p><p>\u00a0<\/p><p>Il s\u2019engage \u00e0 prendre toutes les mesures n\u00e9cessaires pour sauvegarder le secret professionnel et \u00e9viter les conflits d&rsquo;int\u00e9r\u00eats.<\/p><p>\u00a0<\/p><p><b>Art. 15 Secret professionnel<\/b><\/p><p>\u00a0<\/p><p>Nous avons toujours en esprit que l\u2019avocat est li\u00e9 au secret professionnel, \u00e0 l\u2019\u00e9gard de quiconque et sans limite de temps, pour toutes les affaires qui lui sont confi\u00e9es dans l\u2019exercice de sa profession.<\/p><p>\u00a0<\/p><p>M\u00eame s\u2019il en a \u00e9t\u00e9 d\u00e9li\u00e9, il ne peut \u00eatre oblig\u00e9 de r\u00e9v\u00e9ler un secret, s\u2019il l\u2019estime n\u00e9cessaire \u00e0 la sauvegarde de l\u2019int\u00e9r\u00eat du client.<\/p><p>\u00a0<\/p><p>Tous les collaborateurs, employ\u00e9s et autres auxiliaires se soumettent au respect de ces r\u00e8gles r\u00e9gissant le secret professionnel.<\/p><p>\u00a0<\/p><p><b>Art. 16 Assistance judiciaire <\/b><\/p><p>\u00a0<\/p><p>Nous prenons des dispositions afin que le justiciable dans le besoin, qui nous sollicite, puisse b\u00e9n\u00e9ficier gratuitement de notre assistance judiciaire.<\/p><p>\u00a0<\/p><p>Nous nous engageons \u00e0 informer le n\u00e9cessiteux lorsqu\u2019il est susceptible de b\u00e9n\u00e9ficier de l\u2019assistance judiciaire.<\/p><p>Nous ex\u00e9cutons tous les mandats avec les m\u00eames soins.<\/p><p>\u00a0<\/p><p><b>II. Honoraires<\/b><\/p><p>\u00a0<\/p><p><b>Art. 17 Principe<\/b><\/p><p>\u00a0<\/p><p>Le montant des honoraires doit \u00eatre appropri\u00e9 par rapport au dossier.<\/p><p>\u00a0<\/p><p>Les honoraires sont d\u00e9termin\u00e9s selon les circonstances du cas d\u2019esp\u00e8ce, la difficult\u00e9 et l&rsquo;importance de l\u2019affaire, l&rsquo;int\u00e9r\u00eat du client, notre exp\u00e9rience en tant qu\u2019avocat, les usages en la mati\u00e8re et l\u2019issue de la proc\u00e9dure.<\/p><p>\u00a0<\/p><p>Informer le client des principes de la fixation des honoraires lors de l\u2019acception du mandat.<\/p><p>\u00a0<\/p><p><b>Art. 18 Convention sur honoraires<\/b><\/p><p>\u00a0<\/p><p>Les honoraires forfaitaires qui peuvent \u00eatre convenus doivent correspondre aux prestations probables que le cabinet sera appel\u00e9 \u00e0 fournir.<\/p><p>\u00a0<\/p><p>Nous admettons la possibilit\u00e9 de convenir d\u2019une prime en cas de succ\u00e8s, s\u2019ajoutant aux honoraires (pactum de palmario).<\/p><p>\u00a0<\/p><p><b>Art. 19 Provisions<\/b><\/p><p>Une provision sur honoraires et frais \u00e0 payer doit \u00eatre d\u00e9termin\u00e9e.<\/p><p>\u00a0<\/p><p><b>Art. 20 Reddition de comptes<\/b><\/p><p>\u00a0<\/p><p>Le Cabinet doit informer r\u00e9guli\u00e8rement le client du montant des honoraires et des frais engag\u00e9s.<\/p><p>\u00a0<\/p><p>A la demande du client, sa facture peut \u00eatre d\u00e9taill\u00e9e.<\/p><p>\u00a0<\/p><p><b>Art. 21 Commission pour l\u2019apport de mandats<\/b><\/p><p>\u00a0<\/p><p>Nous ne versons aucune commission \u00e0 des tiers pour leur apport de mandats. De m\u00eame, nous n\u2019acceptons aucune commission si nous transmettons un mandat \u00e0 un tiers.<\/p><p>\u00a0<\/p><p><b>Art. 22 Avoirs confi\u00e9s<\/b><\/p><p>\u00a0<\/p><p>Nous nous engageons \u00e0 conserver les avoirs qui nous sont confi\u00e9s s\u00e9par\u00e9ment de notre propre patrimoine.<\/p><p>\u00a0<\/p><p>Nous respectons de mani\u00e8re consciencieuse les fonds des tiers et nous sommes toujours pr\u00eats \u00e0 les restituer sans d\u00e9lai.<\/p><p>\u00a0<\/p><p>Nous tenons une comptabilit\u00e9 compl\u00e8te et exacte des fonds confi\u00e9s.<\/p><p>\u00a0<\/p><p><b>III. Comportement envers les confr\u00e8res<\/b><\/p><p>\u00a0<\/p><p><b>Art. 23 Loyaut\u00e9 et confraternit\u00e9<\/b><\/p><p>\u00a0<\/p><p>Nous nous abstenons de toute attaque personnelle contre un confr\u00e8re, dans l\u2019exercice de ses fonctions. Cependant, la confraternit\u00e9 ne doit pas porter atteinte aux int\u00e9r\u00eats du client.<\/p><p>\u00a0<\/p><p><b>Art. 24 Copies de requ\u00eates<\/b><\/p><p>\u00a0<\/p><p>Nous remettons spontan\u00e9ment aux confr\u00e8res copie de toute communication adress\u00e9e \u00e0 une autorit\u00e9 ou \u00e0 un tribunal.<\/p><p>\u00a0<\/p><p><b>Art. 25 Changement d\u2019avocat<\/b><\/p><p>\u00a0<\/p><p>Nous ne reprenons un mandat confi\u00e9 pr\u00e9c\u00e9demment \u00e0 un confr\u00e8re qu\u2019apr\u00e8s avoir obtenu l\u2019autorisation de ce dernier.<\/p><p>\u00a0<\/p><p><b>Art. 26 Prise de contact avec la partie adverse<\/b><\/p><p>\u00a0<\/p><p>Nous nous interdisons tout contact direct avec une partie adverse\u00a0: les \u00e9changes de conclusions sont faits exclusivement par l\u2019interm\u00e9diaire de l\u2019avocat de la partie adverse et s\u2019il n\u2019en a pas, par l\u2019interm\u00e9diaire du tribunal.<\/p><p>\u00a0<\/p><p><b>Art. 27 Litige entre confr\u00e8res<\/b><\/p><p>\u00a0<\/p><p>Nous informons le confr\u00e8re si nous estimons qu\u2019il est coupable d&rsquo;une violation d\u2019une r\u00e8gle l\u00e9gale ou d\u00e9ontologique. Si une poursuite s\u2019impose, une solution amiable sera d\u2019abord recherch\u00e9e.<\/p><p>\u00a0<\/p><p><b>Art. 28 Mandats contre des confr\u00e8res<\/b><\/p><p>\u00a0<\/p><p>Avant d\u2019agir contre un confr\u00e8re en raison de son activit\u00e9 professionnelle, nous nous efforcerons au pr\u00e9alable de tenter un r\u00e8glement amiable.<\/p><p>\u00a0<\/p><p><b>IV. RAPPORTS AVEC LES MAGISTRATS<\/b><\/p><p>\u00a0<\/p><p><b>Art. 29 D\u00e9ontologie de l\u2019activit\u00e9 judiciaire<\/b><\/p><p>\u00a0<\/p><p>Nous observons les r\u00e8gles d\u00e9ontologiques applicables devant des juridictions lorsque nous comparaissons devant les cours et tribunaux, ou lorsque nous participons \u00e0 une proc\u00e9dure.<\/p><p>\u00a0<\/p><p><b>Art. 30 Respect du juge<\/b><\/p><p>\u00a0<\/p><p>Tout en faisant preuve de respect et de loyaut\u00e9 envers l\u2019office du juge, nous d\u00e9fendons les clients avec conscience et sans crainte\u00a0; sans tenir compte de nos propres int\u00e9r\u00eats ni de quelque cons\u00e9quence que ce soit pour nous ou toute autre personne.<\/p><p>\u00a0<\/p><p><b>Art. 31 Champ d\u2019application rationne personnae<\/b><\/p><p>\u00a0<\/p><p>Le pr\u00e9sent Code a \u00e9t\u00e9 adopt\u00e9 \u00e0 l\u2019unanimit\u00e9 des membres du cabinet.<\/p><p>\u00a0<\/p><p>Celui qui accepte de travailler avec le cabinet s\u2019engage par cette acceptation \u00e0 se soumettre aux dispositions du pr\u00e9sent code.<\/p><p>\u00a0<\/p><p>Renouvel\u00e9 \u00e0 Douala, le 8 janvier 2026<\/p>\t\t\t\t\t\t<\/div>\n\t\t\t\t<\/div>\n\t\t\t\t\t<\/div>\n\t\t<\/div>\n\t\t\t\t\t\t\t<\/div>\n\t\t<\/section>\n\t\t\t\t\t\t<\/div>\n\t\t\t\t\t<\/div>\n\t\t","protected":false},"excerpt":{"rendered":"<p>LA RAISON D\u2019ETRE de la SCP BOUBOU<\/p>\n","protected":false},"author":2,"featured_media":0,"parent":0,"menu_order":0,"comment_status":"closed","ping_status":"closed","template":"","meta":{"footnotes":""},"class_list":["post-5598","page","type-page","status-publish","hentry"],"_links":{"self":[{"href":"https:\/\/scpboubou.org\/index.php\/wp-json\/wp\/v2\/pages\/5598","targetHints":{"allow":["GET"]}}],"collection":[{"href":"https:\/\/scpboubou.org\/index.php\/wp-json\/wp\/v2\/pages"}],"about":[{"href":"https:\/\/scpboubou.org\/index.php\/wp-json\/wp\/v2\/types\/page"}],"author":[{"embeddable":true,"href":"https:\/\/scpboubou.org\/index.php\/wp-json\/wp\/v2\/users\/2"}],"replies":[{"embeddable":true,"href":"https:\/\/scpboubou.org\/index.php\/wp-json\/wp\/v2\/comments?post=5598"}],"version-history":[{"count":7,"href":"https:\/\/scpboubou.org\/index.php\/wp-json\/wp\/v2\/pages\/5598\/revisions"}],"predecessor-version":[{"id":6283,"href":"https:\/\/scpboubou.org\/index.php\/wp-json\/wp\/v2\/pages\/5598\/revisions\/6283"}],"wp:attachment":[{"href":"https:\/\/scpboubou.org\/index.php\/wp-json\/wp\/v2\/media?parent=5598"}],"curies":[{"name":"wp","href":"https:\/\/api.w.org\/{rel}","templated":true}]}}